{"id":306,"date":"2019-10-19T09:05:48","date_gmt":"2019-10-19T09:05:48","guid":{"rendered":"https:\/\/andreavillat.wordpress.com\/?page_id=306"},"modified":"2020-11-17T15:10:04","modified_gmt":"2020-11-17T14:10:04","slug":"prestations","status":"publish","type":"page","link":"https:\/\/www.tortueav.ch\/?page_id=306","title":{"rendered":"Prestations graphiques"},"content":{"rendered":"<p>Illustratrice et graphiste ind\u00e9pendante, je vous propose&#8230;.<\/p>\n<ul>\n<li>Conception d&#8217;affiche\u00a0\u00a0\u00a0\u00a0\u00a0\u00a0\u00a0\u00a0\u00a0 \u00a0 \u00a0 \u00a0 \u00a0 \u00a0 \u00a0 \u00a0 \u00a0\u00a0 \u00a0 \u00a0 \u00a0 \u00a0 d\u00e8s 80 CHF<\/li>\n<li>Conception de flyer\u00a0\u00a0\u00a0\u00a0\u00a0\u00a0\u00a0\u00a0\u00a0\u00a0\u00a0\u00a0\u00a0\u00a0\u00a0\u00a0\u00a0\u00a0\u00a0\u00a0\u00a0\u00a0\u00a0\u00a0\u00a0\u00a0\u00a0\u00a0\u00a0\u00a0\u00a0\u00a0 \u00a0 \u00a0 d\u00e8s 180 CHF<\/li>\n<li>Conception de logo\u00a0\u00a0\u00a0\u00a0\u00a0\u00a0\u00a0\u00a0\u00a0\u00a0\u00a0\u00a0\u00a0\u00a0\u00a0\u00a0\u00a0\u00a0\u00a0\u00a0\u00a0\u00a0\u00a0\u00a0 \u00a0 \u00a0 \u00a0 \u00a0 \u00a0 \u00a0\u00a0 d\u00e8s 300 CHF<\/li>\n<li>Conception de carte de visite\u00a0\u00a0\u00a0\u00a0\u00a0\u00a0 \u00a0 \u00a0 \u00a0 \u00a0 \u00a0 \u00a0 d\u00e8s 200 CHF<\/li>\n<li>Conception de logo + carte de visite\u00a0\u00a0\u00a0\u00a0\u00a0 d\u00e8s 500 CHF<\/li>\n<li>Conception de charte graphique\u00a0\u00a0 \u00a0 \u00a0 \u00a0 \u00a0 \u00a0\u00a0 d\u00e8s 2000 CHF<\/li>\n<li>Illustrations personnalis\u00e9es\u00a0\u00a0\u00a0\u00a0\u00a0\u00a0 \u00a0 \u00a0 \u00a0 \u00a0 \u00a0 \u00a0 \u00a0\u00a0 d\u00e8s 250 CHF<\/li>\n<li>Conception de GIF 2D (2 images)\u00a0\u00a0\u00a0\u00a0\u00a0\u00a0\u00a0\u00a0\u00a0\u00a0\u00a0\u00a0 d\u00e8s 180 CHF<\/li>\n<li>Illustrations \u00e9dition &amp; presse\u00a0\u00a0\u00a0\u00a0\u00a0\u00a0\u00a0\u00a0\u00a0\u00a0\u00a0\u00a0\u00a0\u00a0\u00a0\u00a0\u00a0\u00a0\u00a0 sur devis<\/li>\n<\/ul>\n<p>*Ces prix sont \u00e0 titre indicatif, n&#8217;h\u00e9sitez pas \u00e0 me demander un devis personnalis\u00e9. A noter qu&#8217;il faut ajouter \u00e0 ces prix la cession des droits de diffusion.<\/p>\n<p>Pour toutes autres demandes, n&#8217;h\u00e9sitez pas \u00e0 nous contacter et \u00e0 demander un devis personnalis\u00e9.<\/p>\n<p>Merci d&#8217;\u00e9crire directement \u00e0 :<\/p>\n<p style=\"text-align: center;\">andrea.villat@yahoo.fr<\/p>\n<p>en mentionnant &#8220;Projet illustration AVillat&#8221; en objet et en pr\u00e9cisant les grandes lignes de votre projet.<\/p>\n<p>Au plaisir de vous lire!<\/p>\n<p>\u00a0<\/p>\n<p>Quelques exemples de logos r\u00e9alis\u00e9s..<\/p>\n<p>\u00a0<\/p>\n<div id='gallery-1' class='gallery galleryid-306 gallery-columns-3 gallery-size-thumbnail'><figure class='gallery-item'>\n\t\t\t<div class='gallery-icon landscape'>\n\t\t\t\t<a href='https:\/\/www.tortueav.ch\/?attachment_id=311'><img loading=\"lazy\" decoding=\"async\" width=\"150\" height=\"131\" src=\"https:\/\/www.tortueav.ch\/wp-content\/uploads\/2019\/10\/logo-tampon-ok.png\" class=\"attachment-thumbnail size-thumbnail\" alt=\"\" aria-describedby=\"gallery-1-311\" srcset=\"https:\/\/www.tortueav.ch\/wp-content\/uploads\/2019\/10\/logo-tampon-ok.png 4433w, https:\/\/www.tortueav.ch\/wp-content\/uploads\/2019\/10\/logo-tampon-ok-600x523.png 600w\" sizes=\"auto, (max-width: 150px) 100vw, 150px\" \/><\/a>\n\t\t\t<\/div>\n\t\t\t\t<figcaption class='wp-caption-text gallery-caption' id='gallery-1-311'>\n\t\t\t\tM\u00e9diatrice culturelle ind\u00e9pendante (2016)\n\t\t\t\t<\/figcaption><\/figure><figure class='gallery-item'>\n\t\t\t<div class='gallery-icon landscape'>\n\t\t\t\t<a href='https:\/\/www.tortueav.ch\/?attachment_id=310'><img loading=\"lazy\" decoding=\"async\" width=\"150\" height=\"134\" src=\"https:\/\/www.tortueav.ch\/wp-content\/uploads\/2019\/10\/projet-jacy-oktexte-curviligne-avril-2019.png\" class=\"attachment-thumbnail size-thumbnail\" alt=\"\" aria-describedby=\"gallery-1-310\" \/><\/a>\n\t\t\t<\/div>\n\t\t\t\t<figcaption class='wp-caption-text gallery-caption' id='gallery-1-310'>\n\t\t\t\tAssociation Culturelle Baianas de Gen\u00e8ve (2018)\n\t\t\t\t<\/figcaption><\/figure><figure class='gallery-item'>\n\t\t\t<div class='gallery-icon landscape'>\n\t\t\t\t<a href='https:\/\/www.tortueav.ch\/?attachment_id=330'><img loading=\"lazy\" decoding=\"async\" width=\"150\" height=\"150\" src=\"https:\/\/www.tortueav.ch\/wp-content\/uploads\/2019\/10\/avillat-trini-logo-cat-1.png\" class=\"attachment-thumbnail size-thumbnail\" alt=\"\" aria-describedby=\"gallery-1-330\" srcset=\"https:\/\/www.tortueav.ch\/wp-content\/uploads\/2019\/10\/avillat-trini-logo-cat-1.png 1845w, https:\/\/www.tortueav.ch\/wp-content\/uploads\/2019\/10\/avillat-trini-logo-cat-1-300x300.png 300w, https:\/\/www.tortueav.ch\/wp-content\/uploads\/2019\/10\/avillat-trini-logo-cat-1-100x100.png 100w, https:\/\/www.tortueav.ch\/wp-content\/uploads\/2019\/10\/avillat-trini-logo-cat-1-600x597.png 600w\" sizes=\"auto, (max-width: 150px) 100vw, 150px\" \/><\/a>\n\t\t\t<\/div>\n\t\t\t\t<figcaption class='wp-caption-text gallery-caption' id='gallery-1-330'>\n\t\t\t\tArchiviste (2019)\n\t\t\t\t<\/figcaption><\/figure>\n\t\t<\/div>\n\n<p>\u00a0<\/p>\n\n\n<p>\nExemples de flyers r\u00e9alis\u00e9s&#8230;\n\n<\/p>\n\n\n\n<ul class=\"wp-block-gallery columns-3 is-cropped wp-block-gallery-1 is-layout-flex wp-block-gallery-is-layout-flex\"><li class=\"blocks-gallery-item\"><figure><img loading=\"lazy\" decoding=\"async\" width=\"900\" height=\"636\" src=\"https:\/\/www.andreavillat.ch\/wp-content\/uploads\/2020\/09\/GAIMONT-nocturne-25juillet2020-petit.png\" alt=\"\" data-id=\"663\" data-link=\"https:\/\/www.andreavillat.ch\/?attachment_id=663\" class=\"wp-image-663\" srcset=\"https:\/\/www.tortueav.ch\/wp-content\/uploads\/2020\/09\/GAIMONT-nocturne-25juillet2020-petit.png 900w, https:\/\/www.tortueav.ch\/wp-content\/uploads\/2020\/09\/GAIMONT-nocturne-25juillet2020-petit-600x424.png 600w\" sizes=\"auto, (max-width: 900px) 100vw, 900px\" \/><figcaption>Nocturne atelier haiku &#8211; Des Expos en Folie (2020)<\/figcaption><\/figure><\/li><li class=\"blocks-gallery-item\"><figure><img loading=\"lazy\" decoding=\"async\" width=\"868\" height=\"1228\" src=\"https:\/\/www.andreavillat.ch\/wp-content\/uploads\/2020\/08\/jaci-flyer-fev-2020-FINAL-petit.jpg\" alt=\"\" data-id=\"637\" data-link=\"https:\/\/www.andreavillat.ch\/?attachment_id=637\" class=\"wp-image-637\" srcset=\"https:\/\/www.tortueav.ch\/wp-content\/uploads\/2020\/08\/jaci-flyer-fev-2020-FINAL-petit.jpg 868w, https:\/\/www.tortueav.ch\/wp-content\/uploads\/2020\/08\/jaci-flyer-fev-2020-FINAL-petit-600x849.jpg 600w\" sizes=\"auto, (max-width: 868px) 100vw, 868px\" \/><figcaption>Carnaval des enfants &#8211; MQ sous l&#8217;\u00e9toile (2020)<\/figcaption><\/figure><\/li><li class=\"blocks-gallery-item\"><figure><img loading=\"lazy\" decoding=\"async\" width=\"868\" height=\"1228\" src=\"https:\/\/www.andreavillat.ch\/wp-content\/uploads\/2020\/08\/JACI-flyer-2019-version-ok-aout-2019-petit.jpg\" alt=\"\" data-id=\"638\" data-link=\"https:\/\/www.andreavillat.ch\/?attachment_id=638\" class=\"wp-image-638\" srcset=\"https:\/\/www.tortueav.ch\/wp-content\/uploads\/2020\/08\/JACI-flyer-2019-version-ok-aout-2019-petit.jpg 868w, https:\/\/www.tortueav.ch\/wp-content\/uploads\/2020\/08\/JACI-flyer-2019-version-ok-aout-2019-petit-600x849.jpg 600w\" sizes=\"auto, (max-width: 868px) 100vw, 868px\" \/><figcaption>Baianas de Gen\u00e8ve (2019)<\/figcaption><\/figure><\/li><li class=\"blocks-gallery-item\"><figure><img loading=\"lazy\" decoding=\"async\" width=\"794\" height=\"1123\" src=\"https:\/\/www.andreavillat.ch\/wp-content\/uploads\/2020\/09\/flyer-gaimont-25oct2020-1-OK-mini-1-petit.png\" alt=\"\" data-id=\"664\" data-link=\"https:\/\/www.andreavillat.ch\/?attachment_id=664\" class=\"wp-image-664\" srcset=\"https:\/\/www.tortueav.ch\/wp-content\/uploads\/2020\/09\/flyer-gaimont-25oct2020-1-OK-mini-1-petit.png 794w, https:\/\/www.tortueav.ch\/wp-content\/uploads\/2020\/09\/flyer-gaimont-25oct2020-1-OK-mini-1-petit-600x849.png 600w\" sizes=\"auto, (max-width: 794px) 100vw, 794px\" \/><figcaption>D\u00e9bat litt\u00e9raire &#8211; Espace Gaimont \/recto (2020)<\/figcaption><\/figure><\/li><li class=\"blocks-gallery-item\"><figure><img loading=\"lazy\" decoding=\"async\" width=\"2480\" height=\"3507\" src=\"https:\/\/www.andreavillat.ch\/wp-content\/uploads\/2020\/09\/flyer-gaimont-25oct2020-1-OK-mini-2.png\" alt=\"\" data-id=\"660\" data-link=\"https:\/\/www.andreavillat.ch\/?attachment_id=660\" class=\"wp-image-660\" srcset=\"https:\/\/www.tortueav.ch\/wp-content\/uploads\/2020\/09\/flyer-gaimont-25oct2020-1-OK-mini-2.png 2480w, https:\/\/www.tortueav.ch\/wp-content\/uploads\/2020\/09\/flyer-gaimont-25oct2020-1-OK-mini-2-600x848.png 600w\" sizes=\"auto, (max-width: 2480px) 100vw, 2480px\" \/><figcaption>D\u00e9bat litt\u00e9raire &#8211; Espace Gaimont \/verso (2020)<\/figcaption><\/figure><\/li><\/ul>\n\n\n\n<p>Exemple de livre illustr\u00e9s&#8230;<\/p>\n\n\n\n<p><em>ABSENCES<\/em>, Textes de Sita Pottacheruva, Illustrations de Andr\u00e9a Villat, aux \u00e9ditions Encre Fra\u00eeche. Disponible sur <a href=\"https:\/\/www.encrefraiche.ch\/livre\/absences\">www.encrefraiche.ch\/livre\/absences<\/a><\/p>\n\n\n\n<div class=\"wp-block-image\"><figure class=\"aligncenter is-resized\"><img loading=\"lazy\" decoding=\"async\" src=\"https:\/\/www.andreavillat.ch\/wp-content\/uploads\/2020\/11\/ABSENCES-couverture-EF.jpg\" alt=\"\" class=\"wp-image-830\" width=\"389\" height=\"391\" srcset=\"https:\/\/www.tortueav.ch\/wp-content\/uploads\/2020\/11\/ABSENCES-couverture-EF.jpg 665w, https:\/\/www.tortueav.ch\/wp-content\/uploads\/2020\/11\/ABSENCES-couverture-EF-100x100.jpg 100w, https:\/\/www.tortueav.ch\/wp-content\/uploads\/2020\/11\/ABSENCES-couverture-EF-600x604.jpg 600w\" sizes=\"auto, (max-width: 389px) 100vw, 389px\" \/><\/figure><\/div>\n","protected":false},"excerpt":{"rendered":"<p>Illustratrice et graphiste ind\u00e9pendante, je vous propose&#8230;. Conception d&#8217;affiche\u00a0\u00a0\u00a0\u00a0\u00a0\u00a0\u00a0\u00a0\u00a0 \u00a0 \u00a0 \u00a0 \u00a0 \u00a0 \u00a0 \u00a0 \u00a0\u00a0 \u00a0 \u00a0 \u00a0 &hellip; <a class=\"more-link\" href=\"https:\/\/www.tortueav.ch\/?page_id=306\">Plus<\/a><\/p>\n","protected":false},"author":1,"featured_media":0,"parent":0,"menu_order":0,"comment_status":"closed","ping_status":"closed","template":"","meta":{"footnotes":""},"class_list":["post-306","page","type-page","status-publish","hentry",""],"_links":{"self":[{"href":"https:\/\/www.tortueav.ch\/index.php?rest_route=\/wp\/v2\/pages\/306","targetHints":{"allow":["GET"]}}],"collection":[{"href":"https:\/\/www.tortueav.ch\/index.php?rest_route=\/wp\/v2\/pages"}],"about":[{"href":"https:\/\/www.tortueav.ch\/index.php?rest_route=\/wp\/v2\/types\/page"}],"author":[{"embeddable":true,"href":"https:\/\/www.tortueav.ch\/index.php?rest_route=\/wp\/v2\/users\/1"}],"replies":[{"embeddable":true,"href":"https:\/\/www.tortueav.ch\/index.php?rest_route=%2Fwp%2Fv2%2Fcomments&post=306"}],"version-history":[{"count":12,"href":"https:\/\/www.tortueav.ch\/index.php?rest_route=\/wp\/v2\/pages\/306\/revisions"}],"predecessor-version":[{"id":856,"href":"https:\/\/www.tortueav.ch\/index.php?rest_route=\/wp\/v2\/pages\/306\/revisions\/856"}],"wp:attachment":[{"href":"https:\/\/www.tortueav.ch\/index.php?rest_route=%2Fwp%2Fv2%2Fmedia&parent=306"}],"curies":[{"name":"wp","href":"https:\/\/api.w.org\/{rel}","templated":true}]}}