{"id":522,"date":"2019-12-03T14:29:22","date_gmt":"2019-12-03T13:29:22","guid":{"rendered":"https:\/\/andreavillat.dlcproduction.ch\/?page_id=522"},"modified":"2020-11-24T17:33:11","modified_gmt":"2020-11-24T16:33:11","slug":"conditions-generales","status":"publish","type":"page","link":"https:\/\/www.tortueav.ch\/?page_id=522","title":{"rendered":"Conditions g\u00e9n\u00e9rales"},"content":{"rendered":"\n<p style=\"text-align:center\"><a href=\"https:\/\/www.andreavillat.ch\/wp-content\/uploads\/2019\/12\/AVillat-CG-nov-2019.pdf\"><strong>Fichier \u00e0 lire ou \u00e0 t\u00e9l\u00e9charger <\/strong><\/a><strong><a href=\"https:\/\/www.andreavillat.ch\/wp-content\/uploads\/2020\/11\/AVillat-CG-nov-2020.pdf\">: PDF ICI<\/a><\/strong><\/p>\n\n\n\n<div class=\"wp-block-image\"><figure class=\"alignright is-resized\"><img loading=\"lazy\" decoding=\"async\" src=\"https:\/\/www.andreavillat.ch\/wp-content\/uploads\/2020\/08\/AVillat-AVENT-2020-cerises-1-1.png\" alt=\"\" class=\"wp-image-647\" width=\"200\" height=\"205\"\/><\/figure><\/div>\n","protected":false},"excerpt":{"rendered":"<p>Fichier \u00e0 lire ou \u00e0 t\u00e9l\u00e9charger : PDF ICI<\/p>\n","protected":false},"author":1,"featured_media":0,"parent":0,"menu_order":0,"comment_status":"closed","ping_status":"closed","template":"","meta":{"footnotes":""},"class_list":["post-522","page","type-page","status-publish","hentry",""],"_links":{"self":[{"href":"https:\/\/www.tortueav.ch\/index.php?rest_route=\/wp\/v2\/pages\/522","targetHints":{"allow":["GET"]}}],"collection":[{"href":"https:\/\/www.tortueav.ch\/index.php?rest_route=\/wp\/v2\/pages"}],"about":[{"href":"https:\/\/www.tortueav.ch\/index.php?rest_route=\/wp\/v2\/types\/page"}],"author":[{"embeddable":true,"href":"https:\/\/www.tortueav.ch\/index.php?rest_route=\/wp\/v2\/users\/1"}],"replies":[{"embeddable":true,"href":"https:\/\/www.tortueav.ch\/index.php?rest_route=%2Fwp%2Fv2%2Fcomments&post=522"}],"version-history":[{"count":3,"href":"https:\/\/www.tortueav.ch\/index.php?rest_route=\/wp\/v2\/pages\/522\/revisions"}],"predecessor-version":[{"id":874,"href":"https:\/\/www.tortueav.ch\/index.php?rest_route=\/wp\/v2\/pages\/522\/revisions\/874"}],"wp:attachment":[{"href":"https:\/\/www.tortueav.ch\/index.php?rest_route=%2Fwp%2Fv2%2Fmedia&parent=522"}],"curies":[{"name":"wp","href":"https:\/\/api.w.org\/{rel}","templated":true}]}}