{"id":857,"date":"2020-11-24T13:57:28","date_gmt":"2020-11-24T12:57:28","guid":{"rendered":"https:\/\/www.andreavillat.ch\/?page_id=857"},"modified":"2022-11-16T16:52:42","modified_gmt":"2022-11-16T15:52:42","slug":"tortue-av","status":"publish","type":"page","link":"https:\/\/www.tortueav.ch\/?page_id=857","title":{"rendered":"Tortue &#038; av."},"content":{"rendered":"\n<div class=\"wp-block-image\"><figure class=\"aligncenter is-resized\"><img loading=\"lazy\" decoding=\"async\" src=\"https:\/\/www.andreavillat.ch\/wp-content\/uploads\/2020\/11\/AVtortue-juin2020-FOND-BLANC.png\" alt=\"\" class=\"wp-image-859\" width=\"226\" height=\"189\" srcset=\"https:\/\/www.tortueav.ch\/wp-content\/uploads\/2020\/11\/AVtortue-juin2020-FOND-BLANC.png 2756w, https:\/\/www.tortueav.ch\/wp-content\/uploads\/2020\/11\/AVtortue-juin2020-FOND-BLANC-600x504.png 600w\" sizes=\"auto, (max-width: 226px) 100vw, 226px\" \/><\/figure><\/div>\n\n\n\n<h2 class=\"wp-block-heading\">Tortue &amp; av, une collaboration qui fait roaaaah!<\/h2>\n\n\n\n<p>Depuis 2018, nous cr\u00e9ons, avec Tortue Prod, des designs funs et color\u00e9s qui s&#8217;adaptent \u00e0 diff\u00e9rents produits du quotidien.<\/p>\n\n\n\n<p>Soye secret derri\u00e8re cette collaboration r\u00e9ussie? <\/p>\n\n\n\n<p> vision cr\u00e9ative commune, une totale libert\u00e9 d&#8217;expression et de bonnes tranches de rigolade!<\/p>\n\n\n\n<div class=\"wp-block-image is-style-rounded\"><figure class=\"aligncenter size-medium\"><img loading=\"lazy\" decoding=\"async\" width=\"300\" height=\"225\" src=\"https:\/\/www.andreavillat.ch\/wp-content\/uploads\/2022\/11\/DSC02411-2-FB-octobre-2021-mini-300x225.jpg\" alt=\"\" class=\"wp-image-1263\" srcset=\"https:\/\/www.tortueav.ch\/wp-content\/uploads\/2022\/11\/DSC02411-2-FB-octobre-2021-mini-300x225.jpg 300w, https:\/\/www.tortueav.ch\/wp-content\/uploads\/2022\/11\/DSC02411-2-FB-octobre-2021-mini-1024x768.jpg 1024w, https:\/\/www.tortueav.ch\/wp-content\/uploads\/2022\/11\/DSC02411-2-FB-octobre-2021-mini-768x576.jpg 768w, https:\/\/www.tortueav.ch\/wp-content\/uploads\/2022\/11\/DSC02411-2-FB-octobre-2021-mini-1536x1152.jpg 1536w, https:\/\/www.tortueav.ch\/wp-content\/uploads\/2022\/11\/DSC02411-2-FB-octobre-2021-mini-720x540.jpg 720w, https:\/\/www.tortueav.ch\/wp-content\/uploads\/2022\/11\/DSC02411-2-FB-octobre-2021-mini-560x420.jpg 560w, https:\/\/www.tortueav.ch\/wp-content\/uploads\/2022\/11\/DSC02411-2-FB-octobre-2021-mini-600x450.jpg 600w, https:\/\/www.tortueav.ch\/wp-content\/uploads\/2022\/11\/DSC02411-2-FB-octobre-2021-mini.jpg 1546w\" sizes=\"auto, (max-width: 300px) 100vw, 300px\" \/><\/figure><\/div>\n\n\n\n<p>Tortue Prod (Diane pour les intimes) cr\u00e9e des fonds aux formes g\u00e9om\u00e9triques vari\u00e9s dont les petits noms nous emm\u00e8nent dans son univers cr\u00e9atif unique. &#8220;Guirlande de No\u00ebl&#8221;, &#8220;Lumi\u00e8res en ville&#8221;, &#8220;For\u00eat de bambous&#8221; sont autant de dessins aux feutres sur papier quadrill\u00e9 que le r\u00e9sultat de plusieurs d&#8217;ann\u00e9es d&#8217;exploration de sa perception des couleurs et des formes.<\/p>\n\n\n\n<p>av. (Andrea, toujours pour les intimes&#8230;) s&#8217;inspire des fonds g\u00e9om\u00e9triques ou laisse aller son imagination pour dessiner, sur papier ou de fa\u00e7on num\u00e9rique, de petits \u00eatres tout aussi color\u00e9s qui viendront donner vie \u00e0 tous ces fonds color\u00e9s.<\/p>\n\n\n\n<p>Nos \u0153uvres donnent \u00e0 vivre une histoire, une exp\u00e9rience de couleurs, de v\u00e9g\u00e9taux et d&#8217;ambiance tout aussi unique les unes que les autres.<\/p>\n\n\n\n<p>Sur ce blog nous allons te partager nos id\u00e9es, nos envies, mais aussi nos projets et nos r\u00e9alisations.<\/p>\n\n\n\n<p>Une boutique en ligne sera ouverte r\u00e9guli\u00e8rement pour te donner l&#8217;occasion de nous soutenir et de profiter de nos offres saisonni\u00e8res.<\/p>\n\n\n\n<p>C&#8217;est dans cet univers collaboratif, joyeux et cr\u00e9atif que nous t&#8217;invitons \u00e0 plonger comme on plonge dans une piscine \u00e0 balles. R\u00e9veille l&#8217;enfant qui est en toi et vient te perdre dans nos tableaux sucr\u00e9-sal\u00e9 aux couleurs de nos r\u00eaves.<\/p>\n\n\n\n<p>Diane &amp; Andr\u00e9a<\/p>\n\n\n\n<div class=\"wp-block-image is-style-default\"><figure class=\"aligncenter size-medium\"><img loading=\"lazy\" decoding=\"async\" width=\"300\" height=\"252\" src=\"https:\/\/www.andreavillat.ch\/wp-content\/uploads\/2022\/11\/AVtortue-juin2020-FOND-BLANC-mini-fb-300x252.png\" alt=\"\" class=\"wp-image-1262\" srcset=\"https:\/\/www.tortueav.ch\/wp-content\/uploads\/2022\/11\/AVtortue-juin2020-FOND-BLANC-mini-fb-300x252.png 300w, https:\/\/www.tortueav.ch\/wp-content\/uploads\/2022\/11\/AVtortue-juin2020-FOND-BLANC-mini-fb-720x606.png 720w, https:\/\/www.tortueav.ch\/wp-content\/uploads\/2022\/11\/AVtortue-juin2020-FOND-BLANC-mini-fb-560x471.png 560w, https:\/\/www.tortueav.ch\/wp-content\/uploads\/2022\/11\/AVtortue-juin2020-FOND-BLANC-mini-fb-600x505.png 600w, https:\/\/www.tortueav.ch\/wp-content\/uploads\/2022\/11\/AVtortue-juin2020-FOND-BLANC-mini-fb.png 756w\" sizes=\"auto, (max-width: 300px) 100vw, 300px\" \/><\/figure><\/div>\n\n\n\n<p><strong>CONDITIONS GENERALES : <a href=\"https:\/\/www.andreavillat.ch\/wp-content\/uploads\/2020\/11\/tortueAv-march\u00e9-noel-2020-CG-21nov20.pdf\">PDF ICI<\/a><\/strong><\/p>\n\n\n\n<p>Notre processus de cr\u00e9ation en images :<\/p>\n\n\n\n<figure class=\"wp-block-embed is-type-video is-provider-youtube wp-block-embed-youtube wp-embed-aspect-16-9 wp-has-aspect-ratio\"><div class=\"wp-block-embed__wrapper\">\n<iframe loading=\"lazy\" title=\"Tortue&amp;AV - Photomatou - No\u00ebl \u00e0 Carouge 2018\" width=\"1140\" height=\"641\" src=\"https:\/\/www.youtube.com\/embed\/4JtjLohpST0?feature=oembed\" frameborder=\"0\" allow=\"accelerometer; autoplay; clipboard-write; encrypted-media; gyroscope; picture-in-picture; web-share\" allowfullscreen><\/iframe>\n<\/div><\/figure>\n\n\n\n<figure class=\"wp-block-gallery has-nested-images columns-default is-cropped wp-block-gallery-1 is-layout-flex wp-block-gallery-is-layout-flex\">\n<figure class=\"wp-block-image\"><img loading=\"lazy\" decoding=\"async\" width=\"2048\" height=\"1536\" data-id=\"860\" src=\"https:\/\/www.andreavillat.ch\/wp-content\/uploads\/2020\/11\/DSC02368.jpg\" alt=\"\" class=\"wp-image-860\" srcset=\"https:\/\/www.tortueav.ch\/wp-content\/uploads\/2020\/11\/DSC02368.jpg 2048w, https:\/\/www.tortueav.ch\/wp-content\/uploads\/2020\/11\/DSC02368-600x450.jpg 600w\" sizes=\"auto, (max-width: 2048px) 100vw, 2048px\" \/><\/figure>\n\n\n\n<figure class=\"wp-block-image\"><img loading=\"lazy\" decoding=\"async\" width=\"461\" height=\"615\" data-id=\"862\" src=\"https:\/\/www.andreavillat.ch\/wp-content\/uploads\/2020\/11\/8DEC-DSC02456-petit.jpg\" alt=\"\" class=\"wp-image-862\" srcset=\"https:\/\/www.tortueav.ch\/wp-content\/uploads\/2020\/11\/8DEC-DSC02456-petit.jpg 461w, https:\/\/www.tortueav.ch\/wp-content\/uploads\/2020\/11\/8DEC-DSC02456-petit-416x555.jpg 416w\" sizes=\"auto, (max-width: 461px) 100vw, 461px\" \/><\/figure>\n\n\n\n<figure class=\"wp-block-image\"><img loading=\"lazy\" decoding=\"async\" width=\"615\" height=\"820\" data-id=\"863\" src=\"https:\/\/www.andreavillat.ch\/wp-content\/uploads\/2020\/11\/DSC02442-petit.jpg\" alt=\"\" class=\"wp-image-863\" srcset=\"https:\/\/www.tortueav.ch\/wp-content\/uploads\/2020\/11\/DSC02442-petit.jpg 615w, https:\/\/www.tortueav.ch\/wp-content\/uploads\/2020\/11\/DSC02442-petit-600x800.jpg 600w\" sizes=\"auto, (max-width: 615px) 100vw, 615px\" \/><\/figure>\n\n\n\n<figure class=\"wp-block-image\"><img loading=\"lazy\" decoding=\"async\" width=\"615\" height=\"461\" data-id=\"861\" src=\"https:\/\/www.andreavillat.ch\/wp-content\/uploads\/2020\/11\/1DEC-DSC02363-petit.jpg\" alt=\"\" class=\"wp-image-861\" srcset=\"https:\/\/www.tortueav.ch\/wp-content\/uploads\/2020\/11\/1DEC-DSC02363-petit.jpg 615w, https:\/\/www.tortueav.ch\/wp-content\/uploads\/2020\/11\/1DEC-DSC02363-petit-600x450.jpg 600w\" sizes=\"auto, (max-width: 615px) 100vw, 615px\" \/><\/figure>\n<\/figure>\n","protected":false},"excerpt":{"rendered":"<p>Tortue &amp; av, une collaboration qui fait roaaaah! Depuis 2018, nous cr\u00e9ons, avec Tortue Prod, des designs funs et color\u00e9s &hellip; <a class=\"more-link\" href=\"https:\/\/www.tortueav.ch\/?page_id=857\">Plus<\/a><\/p>\n","protected":false},"author":1,"featured_media":859,"parent":0,"menu_order":0,"comment_status":"closed","ping_status":"closed","template":"","meta":{"footnotes":""},"class_list":["post-857","page","type-page","status-publish","has-post-thumbnail","hentry",""],"_links":{"self":[{"href":"https:\/\/www.tortueav.ch\/index.php?rest_route=\/wp\/v2\/pages\/857","targetHints":{"allow":["GET"]}}],"collection":[{"href":"https:\/\/www.tortueav.ch\/index.php?rest_route=\/wp\/v2\/pages"}],"about":[{"href":"https:\/\/www.tortueav.ch\/index.php?rest_route=\/wp\/v2\/types\/page"}],"author":[{"embeddable":true,"href":"https:\/\/www.tortueav.ch\/index.php?rest_route=\/wp\/v2\/users\/1"}],"replies":[{"embeddable":true,"href":"https:\/\/www.tortueav.ch\/index.php?rest_route=%2Fwp%2Fv2%2Fcomments&post=857"}],"version-history":[{"count":13,"href":"https:\/\/www.tortueav.ch\/index.php?rest_route=\/wp\/v2\/pages\/857\/revisions"}],"predecessor-version":[{"id":1391,"href":"https:\/\/www.tortueav.ch\/index.php?rest_route=\/wp\/v2\/pages\/857\/revisions\/1391"}],"wp:featuredmedia":[{"embeddable":true,"href":"https:\/\/www.tortueav.ch\/index.php?rest_route=\/wp\/v2\/media\/859"}],"wp:attachment":[{"href":"https:\/\/www.tortueav.ch\/index.php?rest_route=%2Fwp%2Fv2%2Fmedia&parent=857"}],"curies":[{"name":"wp","href":"https:\/\/api.w.org\/{rel}","templated":true}]}}